{"id":705,"date":"2024-03-07T13:43:16","date_gmt":"2024-03-07T13:43:16","guid":{"rendered":"https:\/\/ideoocioyformacion.com\/quest-ce-que-lideo\/"},"modified":"2024-10-16T07:28:32","modified_gmt":"2024-10-16T07:28:32","slug":"quest-ce-que-lideo","status":"publish","type":"page","link":"https:\/\/ideoocioyformacion.com\/fr\/quest-ce-que-lideo\/","title":{"rendered":"Qu&rsquo;est-ce que l&rsquo;IDEO ?"},"content":{"rendered":"[vc_row type=\u00a0\u00bbin_container\u00a0\u00bb full_screen_row_position=\u00a0\u00bbmiddle\u00a0\u00bb column_margin=\u00a0\u00bbdefault\u00a0\u00bb column_direction=\u00a0\u00bbdefault\u00a0\u00bb column_direction_tablet=\u00a0\u00bbdefault\u00a0\u00bb column_direction_phone=\u00a0\u00bbdefault\u00a0\u00bb scene_position=\u00a0\u00bbcenter\u00a0\u00bb text_color=\u00a0\u00bbdark\u00a0\u00bb text_align=\u00a0\u00bbleft\u00a0\u00bb row_border_radius=\u00a0\u00bbnone\u00a0\u00bb row_border_radius_applies=\u00a0\u00bbbg\u00a0\u00bb overflow=\u00a0\u00bbvisible\u00a0\u00bb overlay_strength=\u00a0\u00bb0.3&Prime; gradient_direction=\u00a0\u00bbleft_to_right\u00a0\u00bb shape_divider_position=\u00a0\u00bbbottom\u00a0\u00bb bg_image_animation=\u00a0\u00bbnone\u00a0\u00bb][vc_column column_padding=\u00a0\u00bbno-extra-padding\u00a0\u00bb column_padding_tablet=\u00a0\u00bbinherit\u00a0\u00bb column_padding_phone=\u00a0\u00bbinherit\u00a0\u00bb column_padding_position=\u00a0\u00bball\u00a0\u00bb column_element_direction_desktop=\u00a0\u00bbdefault\u00a0\u00bb column_element_spacing=\u00a0\u00bbdefault\u00a0\u00bb desktop_text_alignment=\u00a0\u00bbdefault\u00a0\u00bb tablet_text_alignment=\u00a0\u00bbdefault\u00a0\u00bb phone_text_alignment=\u00a0\u00bbdefault\u00a0\u00bb background_color_opacity=\u00a0\u00bb1&Prime; background_hover_color_opacity=\u00a0\u00bb1&Prime; column_backdrop_filter=\u00a0\u00bbnone\u00a0\u00bb column_shadow=\u00a0\u00bbnone\u00a0\u00bb column_border_radius=\u00a0\u00bbnone\u00a0\u00bb column_link_target=\u00a0\u00bb_self\u00a0\u00bb column_position=\u00a0\u00bbdefault\u00a0\u00bb gradient_direction=\u00a0\u00bbleft_to_right\u00a0\u00bb overlay_strength=\u00a0\u00bb0.3&Prime; width=\u00a0\u00bb1\/2&Prime; tablet_width_inherit=\u00a0\u00bbdefault\u00a0\u00bb animation_type=\u00a0\u00bbdefault\u00a0\u00bb bg_image_animation=\u00a0\u00bbnone\u00a0\u00bb border_type=\u00a0\u00bbsimple\u00a0\u00bb column_border_width=\u00a0\u00bbnone\u00a0\u00bb column_border_style=\u00a0\u00bbsolid\u00a0\u00bb][vc_column_text]IDEO. Ocio Educativo y Formaci\u00f3n SL a \u00e9t\u00e9 cr\u00e9\u00e9e dans le but d&rsquo;offrir une assistance technique alternative dans le domaine des loisirs et du temps libre aux particuliers ainsi qu&rsquo;aux centres \u00e9ducatifs, aux administrations publiques, aux associations, aux entreprises, aux associations professionnelles, etc. Toutes les activit\u00e9s \u00e9ducatives promues par IDEO sont con\u00e7ues avec une dimension ludique, qui est mise en pratique \u00e0 travers une \u00e9ducation aux valeurs bas\u00e9es sur l&rsquo;affection, le respect et l&rsquo;amusement, \u00e0 la recherche du d\u00e9veloppement personnel (social, physique, psychologique et \u00e9motionnel) de la personne. En outre, nous consid\u00e9rons IDEO comme une entreprise socialement responsable, dont une partie des b\u00e9n\u00e9fices est revers\u00e9e \u00e0 des entit\u00e9s du secteur tertiaire qui contribuent \u00e0 l&rsquo;am\u00e9lioration de l&rsquo;environnement rural, de mani\u00e8re durable, et qui g\u00e9n\u00e8rent du bien-\u00eatre dans la soci\u00e9t\u00e9. En ce sens, depuis sa constitution, nous avons soutenu des projets destin\u00e9s \u00e0 diff\u00e9rents groupes tels que les enfants, les jeunes, les femmes et les personnes \u00e2g\u00e9es.[\/vc_column_text][\/vc_column][vc_column column_padding=\u00a0\u00bbno-extra-padding\u00a0\u00bb column_padding_tablet=\u00a0\u00bbinherit\u00a0\u00bb column_padding_phone=\u00a0\u00bbinherit\u00a0\u00bb column_padding_position=\u00a0\u00bball\u00a0\u00bb column_element_direction_desktop=\u00a0\u00bbdefault\u00a0\u00bb column_element_spacing=\u00a0\u00bbdefault\u00a0\u00bb desktop_text_alignment=\u00a0\u00bbdefault\u00a0\u00bb tablet_text_alignment=\u00a0\u00bbdefault\u00a0\u00bb phone_text_alignment=\u00a0\u00bbdefault\u00a0\u00bb background_color_opacity=\u00a0\u00bb1&Prime; background_hover_color_opacity=\u00a0\u00bb1&Prime; column_backdrop_filter=\u00a0\u00bbnone\u00a0\u00bb column_shadow=\u00a0\u00bbnone\u00a0\u00bb column_border_radius=\u00a0\u00bbnone\u00a0\u00bb column_link_target=\u00a0\u00bb_self\u00a0\u00bb column_position=\u00a0\u00bbdefault\u00a0\u00bb gradient_direction=\u00a0\u00bbleft_to_right\u00a0\u00bb overlay_strength=\u00a0\u00bb0.3&Prime; width=\u00a0\u00bb1\/2&Prime; tablet_width_inherit=\u00a0\u00bbdefault\u00a0\u00bb animation_type=\u00a0\u00bbdefault\u00a0\u00bb bg_image_animation=\u00a0\u00bbnone\u00a0\u00bb border_type=\u00a0\u00bbsimple\u00a0\u00bb column_border_width=\u00a0\u00bbnone\u00a0\u00bb column_border_style=\u00a0\u00bbsolid\u00a0\u00bb][vc_column_text text_direction=\u00a0\u00bbdefault\u00a0\u00bb]<div class=\"wpgmp_map_container wpgmp-map-provider-google wpgmp-map-2\" rel=\"map2\" data-plugin-version=\"6.1.0\"><div class=\"wpgmp_map_parent\"><div class=\"wpgmp_map \" style=\"width:600px; height:600px;\" id=\"map2\" data-map-id=\"2\"><\/div><\/div><\/div><style> .wpgmp-map-2  .wpgmp_infowindow .fc-item-title{background-image:none;font-family:Montserrat, sans-serif;font-weight:700;font-size:16px;color:rgb(68, 68, 68);line-height:21.4286px;background-color:rgba(0, 0, 0, 0);font-style:normal;text-align:start;text-decoration:none solid rgb(68, 68, 68);margin-top:0px;margin-bottom:5px;margin-left:0px;margin-right:0px;padding-top:0px;padding-bottom:0px;padding-left:0px;padding-right:0px;} .wpgmp-map-2  .wpgmp_infowindow.wpgmp_infowindow_post .fc-item-title{background-image:none;font-family:Montserrat, sans-serif;font-weight:600;font-size:18px;color:rgb(33, 47, 61);line-height:21.4286px;background-color:rgba(0, 0, 0, 0);font-style:normal;text-align:start;text-decoration:none solid rgb(33, 47, 61);margin-top:0px;margin-bottom:5px;margin-left:0px;margin-right:0px;padding-top:0px;padding-bottom:0px;padding-left:0px;padding-right:0px;} .wpgmp-map-2 .wpgmp_locations{background-image:none;font-family:Montserrat, sans-serif;font-weight:400;font-size:15px;color:rgba(0, 0, 0, 0.87);line-height:21.4286px;background-color:rgba(0, 0, 0, 0);font-style:normal;text-align:start;text-decoration:none solid rgba(0, 0, 0, 0.87);margin-top:0px;margin-bottom:0px;margin-left:0px;margin-right:0px;padding-top:0px;padding-bottom:0px;padding-left:0px;padding-right:0px;} .wpgmp-map-2 .wpgmp_locations_head{background-image:none;font-family:Montserrat, sans-serif;font-weight:400;font-size:15px;color:rgba(0, 0, 0, 0.87);line-height:21.4286px;background-color:rgba(0, 0, 0, 0);font-style:normal;text-align:start;text-decoration:none solid rgba(0, 0, 0, 0.87);margin-top:0px;margin-bottom:0px;margin-left:0px;margin-right:0px;padding-top:0px;padding-bottom:0px;padding-left:0px;padding-right:0px;} .wpgmp-map-2 .place_title{background-image:none;font-family:Montserrat, sans-serif;font-weight:400;font-size:15px;color:rgb(34, 113, 177);line-height:21.4286px;background-color:rgba(0, 0, 0, 0);font-style:normal;text-align:start;text-decoration:underline solid rgb(34, 113, 177);margin-top:0px;margin-bottom:0px;margin-left:0px;margin-right:0px;padding-top:0px;padding-bottom:0px;padding-left:0px;padding-right:0px;} .wpgmp-map-2 .wpgmp_location_meta{background-image:none;font-family:Montserrat, sans-serif;font-weight:400;font-size:15px;color:rgba(0, 0, 0, 0.87);line-height:21.4286px;background-color:rgba(0, 0, 0, 0);font-style:normal;text-align:start;text-decoration:none solid rgba(0, 0, 0, 0.87);margin-top:0px;margin-bottom:0px;margin-left:0px;margin-right:0px;padding-top:0px;padding-bottom:0px;padding-left:0px;padding-right:0px;} .wpgmp-map-2 .wpgmp_locations_content{background-image:none;font-family:Montserrat, sans-serif;font-weight:400;font-size:15px;color:rgba(0, 0, 0, 0.87);line-height:21.4286px;background-color:rgba(0, 0, 0, 0);font-style:normal;text-align:start;text-decoration:none solid rgba(0, 0, 0, 0.87);margin-top:0px;margin-bottom:0px;margin-left:0px;margin-right:0px;padding-top:0px;padding-bottom:0px;padding-left:0px;padding-right:0px;}<\/style><script>jQuery(document).ready(function($){ window.wpgmp = window.wpgmp || {}; window.wpgmp.mapdata2 = \"eyJhdXRvc29ydCI6dHJ1ZSwibWFwX29wdGlvbnMiOnsiY2VudGVyX2xhdCI6IjQzLjQyNDE4OTEiLCJjZW50ZXJfbG5nIjoiLTQuODMwMTI1MyIsInpvb20iOjcsIm1hcF90eXBlX2lkIjoiU0FURUxMSVRFIiwiY2VudGVyX2J5X25lYXJlc3QiOmZhbHNlLCJmaXRfYm91bmRzIjp0cnVlLCJjZW50ZXJfY2lyY2xlX2ZpbGxjb2xvciI6IiM4Q0FFRjIiLCJjZW50ZXJfY2lyY2xlX2ZpbGxvcGFjaXR5IjoiLjUiLCJjZW50ZXJfY2lyY2xlX3N0cm9rZWNvbG9yIjoiIzhDQUVGMiIsImNlbnRlcl9jaXJjbGVfc3Ryb2tlb3BhY2l0eSI6Ii41Iiwic2hvd19jZW50ZXJfY2lyY2xlIjpmYWxzZSwic2hvd19jZW50ZXJfbWFya2VyIjpmYWxzZSwiY2VudGVyX21hcmtlcl9pY29uIjoiaHR0cHM6XC9cL2lkZW8ubGFtZWNoYWVzdHVkaW8uZXNcL3dwLWNvbnRlbnRcL3BsdWdpbnNcL3dwLWdvb2dsZS1tYXAtZ29sZFwvYXNzZXRzXC9pbWFnZXNcL1wvZGVmYXVsdF9tYXJrZXIucG5nIiwiZHJhZ2dhYmxlIjp0cnVlLCJzY3JvbGxfd2hlZWwiOiJmYWxzZSIsImdlc3R1cmUiOiJhdXRvIiwibWFya2VyX2RlZmF1bHRfaWNvbiI6Imh0dHBzOlwvXC9pZGVvLmxhbWVjaGFlc3R1ZGlvLmVzXC93cC1jb250ZW50XC9wbHVnaW5zXC93cC1nb29nbGUtbWFwLWdvbGRcL2Fzc2V0c1wvaW1hZ2VzXC9cL2RlZmF1bHRfbWFya2VyLnBuZyIsImluZm93aW5kb3dfc2V0dGluZyI6IjxkaXYgY2xhc3M9XCJmYy1tYWluXCI+PGRpdiBjbGFzcz1cImZjLWl0ZW0tdGl0bGVcIj57bWFya2VyX3RpdGxlfSA8c3BhbiBjbGFzcz1cImZjLWJhZGdlIGluZm9cIj57bWFya2VyX2NhdGVnb3J5fTxcL3NwYW4+PFwvZGl2PiA8ZGl2IGNsYXNzPVwiZmMtaXRlbS1mZWF0dXJlZF9pbWFnZVwiPnttYXJrZXJfaW1hZ2V9IDxcL2Rpdj57bWFya2VyX21lc3NhZ2V9PGFkZHJlc3M+PGI+QWRkcmVzcyA6IDxcL2I+e21hcmtlcl9hZGRyZXNzfTxcL2FkZHJlc3M+PFwvZGl2PiIsImluZm93aW5kb3dfZ2VvdGFnc19zZXR0aW5nIjoiPGRpdiBjbGFzcz1cImZjLW1haW5cIj48ZGl2IGNsYXNzPVwiZmMtaXRlbS10aXRsZVwiPntwb3N0X3RpdGxlfSA8c3BhbiBjbGFzcz1cImZjLWJhZGdlIGluZm9cIj57cG9zdF9jYXRlZ29yaWVzfTxcL3NwYW4+PFwvZGl2PiA8ZGl2IGNsYXNzPVwiZmMtaXRlbS1mZWF0dXJlZF9pbWFnZVwiPntwb3N0X2ZlYXR1cmVkX2ltYWdlfSA8XC9kaXY+e3Bvc3RfZXhjZXJwdH08YWRkcmVzcz48Yj5BZGRyZXNzIDogPFwvYj57bWFya2VyX2FkZHJlc3N9PFwvYWRkcmVzcz48YSB0YXJnZXQ9XCJfYmxhbmtcIiAgY2xhc3M9XCJmYy1idG4gZmMtYnRuLXNtYWxsIGZjLWJ0bi1yZWRcIiBocmVmPVwie3Bvc3RfbGlua31cIj5SZWFkIE1vcmUuLi48XC9hPjxcL2Rpdj4iLCJpbmZvd2luZG93X3NraW4iOnsibmFtZSI6ImRlZmF1bHQiLCJ0eXBlIjoiaW5mb3dpbmRvdyIsInNvdXJjZWNvZGUiOiImbHQ7ZGl2IGNsYXNzPSZxdW90O2ZjLW1haW4mcXVvdDsmZ3Q7Jmx0O2RpdiBjbGFzcz0mcXVvdDtmYy1pdGVtLXRpdGxlJnF1b3Q7Jmd0O3ttYXJrZXJfdGl0bGV9ICZsdDtzcGFuIGNsYXNzPSZxdW90O2ZjLWJhZGdlIGluZm8mcXVvdDsmZ3Q7e21hcmtlcl9jYXRlZ29yeX0mbHQ7XC9zcGFuJmd0OyZsdDtcL2RpdiZndDsgJmx0O2RpdiBjbGFzcz0mcXVvdDtmYy1pdGVtLWZlYXR1cmVkX2ltYWdlJnF1b3Q7Jmd0O3ttYXJrZXJfaW1hZ2V9ICZsdDtcL2RpdiZndDt7bWFya2VyX21lc3NhZ2V9Jmx0O2FkZHJlc3MmZ3Q7Jmx0O2ImZ3Q7QWRkcmVzcyA6ICZsdDtcL2ImZ3Q7e21hcmtlcl9hZGRyZXNzfSZsdDtcL2FkZHJlc3MmZ3Q7Jmx0O1wvZGl2Jmd0OyJ9LCJpbmZvd2luZG93X3Bvc3Rfc2tpbiI6eyJuYW1lIjoiZGVmYXVsdCIsInR5cGUiOiJwb3N0Iiwic291cmNlY29kZSI6IiZsdDtkaXYgY2xhc3M9JnF1b3Q7ZmMtbWFpbiZxdW90OyZndDsmbHQ7ZGl2IGNsYXNzPSZxdW90O2ZjLWl0ZW0tdGl0bGUmcXVvdDsmZ3Q7e3Bvc3RfdGl0bGV9ICZsdDtzcGFuIGNsYXNzPSZxdW90O2ZjLWJhZGdlIGluZm8mcXVvdDsmZ3Q7e3Bvc3RfY2F0ZWdvcmllc30mbHQ7XC9zcGFuJmd0OyZsdDtcL2RpdiZndDsgJmx0O2RpdiBjbGFzcz0mcXVvdDtmYy1pdGVtLWZlYXR1cmVkX2ltYWdlJnF1b3Q7Jmd0O3twb3N0X2ZlYXR1cmVkX2ltYWdlfSAmbHQ7XC9kaXYmZ3Q7e3Bvc3RfZXhjZXJwdH0mbHQ7YWRkcmVzcyZndDsmbHQ7YiZndDtBZGRyZXNzIDogJmx0O1wvYiZndDt7bWFya2VyX2FkZHJlc3N9Jmx0O1wvYWRkcmVzcyZndDsmbHQ7YSB0YXJnZXQ9JnF1b3Q7X2JsYW5rJnF1b3Q7ICBjbGFzcz0mcXVvdDtmYy1idG4gZmMtYnRuLXNtYWxsIGZjLWJ0bi1yZWQmcXVvdDsgaHJlZj0mcXVvdDt7cG9zdF9saW5rfSZxdW90OyZndDtSZWFkIE1vcmUuLi4mbHQ7XC9hJmd0OyZsdDtcL2RpdiZndDsifSwiaW5mb3dpbmRvd19kcm9wX2FuaW1hdGlvbiI6ZmFsc2UsImNsb3NlX2luZm93aW5kb3dfb25fbWFwX2NsaWNrIjpmYWxzZSwiZGVmYXVsdF9pbmZvd2luZG93X29wZW4iOmZhbHNlLCJpbmZvd2luZG93X29wZW5fZXZlbnQiOiJjbGljayIsImxpc3RpbmdfaW5mb3dpbmRvd19vcGVuX2V2ZW50IjoiY2xpY2siLCJpc19tb2JpbGUiOmZhbHNlLCJpbmZvd2luZG93X2ZpbHRlcl9vbmx5IjpmYWxzZSwiaW5mb3dpbmRvd19jbGlja19jaGFuZ2Vfem9vbSI6MCwiaW5mb3dpbmRvd19jbGlja19jaGFuZ2VfY2VudGVyIjpmYWxzZSwiZnVsbF9zY3JlZW5fY29udHJvbCI6dHJ1ZSwiY2FtZXJhX2NvbnRyb2wiOmZhbHNlLCJzZWFyY2hfY29udHJvbCI6dHJ1ZSwiem9vbV9jb250cm9sIjp0cnVlLCJtYXBfdHlwZV9jb250cm9sIjp0cnVlLCJzdHJlZXRfdmlld19jb250cm9sIjp0cnVlLCJsb2NhdGVtZV9jb250cm9sIjpmYWxzZSwibW9iaWxlX3NwZWNpZmljIjpmYWxzZSwiem9vbV9tb2JpbGUiOjUsImRyYWdnYWJsZV9tb2JpbGUiOnRydWUsInNjcm9sbF93aGVlbF9tb2JpbGUiOnRydWUsImZ1bGxfc2NyZWVuX2NvbnRyb2xfcG9zaXRpb24iOiJUT1BfUklHSFQiLCJzZWFyY2hfY29udHJvbF9wb3NpdGlvbiI6IlRPUF9MRUZUIiwibG9jYXRlbWVfY29udHJvbF9wb3NpdGlvbiI6IlRPUF9MRUZUIiwiem9vbV9jb250cm9sX3Bvc2l0aW9uIjoiVE9QX0xFRlQiLCJtYXBfdHlwZV9jb250cm9sX3Bvc2l0aW9uIjoiVE9QX1JJR0hUIiwibWFwX3R5cGVfY29udHJvbF9zdHlsZSI6IkhPUklaT05UQUxfQkFSIiwic3RyZWV0X3ZpZXdfY29udHJvbF9wb3NpdGlvbiI6IlRPUF9MRUZUIiwibWFwX2NvbnRyb2wiOmZhbHNlLCJzY3JlZW5zIjp7InRlbGVmb25vcy1pbnRlbGlnZW50ZXMiOnsibWFwX3pvb21fbGV2ZWxfbW9iaWxlIjoiNSJ9LCJpcGFkcyI6eyJtYXBfem9vbV9sZXZlbF9tb2JpbGUiOiI1In0sInBhbnRhbGxhcy1ncmFuZGVzIjp7Im1hcF96b29tX2xldmVsX21vYmlsZSI6IjUifX0sIm1hcF9pbmZvd2luZG93X2N1c3RvbWlzYXRpb25zIjpmYWxzZSwiaW5mb3dpbmRvd193aWR0aCI6IjEwMCUiLCJzaG93X2luZm93aW5kb3dfaGVhZGVyIjpmYWxzZSwibWluX3pvb20iOiI0IiwibWF4X3pvb20iOiIxNSIsInpvb21fbGV2ZWxfYWZ0ZXJfc2VhcmNoIjoiMTAiLCJ1cmxfZmlsdGVycyI6ZmFsc2UsImRvdWJsZWNsaWNrem9vbSI6ZmFsc2UsImN1cnJlbnRfcG9zdF9vbmx5IjpmYWxzZSwiYWR2YW5jZV90ZW1wbGF0ZSI6ZmFsc2UsIm1hcF90aWxlX3VybCI6Imh0dHBzOlwvXC97c30udGlsZS5vcGVuc3RyZWV0bWFwLm9yZ1wve3p9XC97eH1cL3t5fS5wbmciLCJvcGVuc3RyZWV0X3N0eWxlcyI6eyJPcGVuU3RyZWV0TWFwLk1hcG5payI6Imh0dHBzOlwvXC97c30udGlsZS5vcGVuc3RyZWV0bWFwLm9yZ1wve3p9XC97eH1cL3t5fS5wbmciLCJPcGVuU3RyZWV0TWFwLkRFIjoiaHR0cHM6XC9cL3tzfS50aWxlLm9wZW5zdHJlZXRtYXAuZGVcL3RpbGVzXC9vc21kZVwve3p9XC97eH1cL3t5fS5wbmciLCJPcGVuU3RyZWV0TWFwLkNIIjoiaHR0cHM6XC9cL3RpbGUub3NtLmNoXC9zd2l0emVybGFuZFwve3p9XC97eH1cL3t5fS5wbmciLCJPcGVuU3RyZWV0TWFwLkZyYW5jZSI6Imh0dHBzOlwvXC97c30udGlsZS5vcGVuc3RyZWV0bWFwLmZyXC9vc21mclwve3p9XC97eH1cL3t5fS5wbmciLCJPcGVuU3RyZWV0TWFwLkhPVCI6Imh0dHBzOlwvXC97c30udGlsZS5vcGVuc3RyZWV0bWFwLmZyXC9ob3RcL3t6fVwve3h9XC97eX0ucG5nIiwiT3BlblN0cmVldE1hcC5CWkgiOiJodHRwczpcL1wvdGlsZS5vcGVuc3RyZWV0bWFwLmJ6aFwvYnJcL3t6fVwve3h9XC97eX0ucG5nIiwiT3BlblRvcG9NYXAiOiJodHRwczpcL1wve3N9LnRpbGUub3BlbnRvcG9tYXAub3JnXC97en1cL3t4fVwve3l9LnBuZyIsIlRodW5kZXJmb3Jlc3QuT3BlbkN5Y2xlTWFwIjoiaHR0cHM6XC9cL2Rldi57c30udGlsZS5vcGVuc3RyZWV0bWFwLmZyXC9jeWNsb3NtXC97en1cL3t4fVwve3l9LnBuZyIsIk9wZW5NYXBTdXJmZXIuUm9hZHMiOiJodHRwczpcL1wvbWFwcy5oZWlnaXQub3JnXC9vcGVubWFwc3VyZmVyXC90aWxlc1wvcm9hZHNcL3dlYm1lcmNhdG9yXC97en1cL3t4fVwve3l9LnBuZyJ9LCJvcGVuc3RyZWV0X3N0eWxlc19tYXJrdXAiOiI8c2VsZWN0IGNsYXNzPVwid3BvbXBfbWFwX3R5cGVcIj48b3B0aW9uIHZhbHVlPVwiT3BlblN0cmVldE1hcC5NYXBuaWtcIj5PcGVuU3RyZWV0TWFwLk1hcG5pazxcL29wdGlvbj48b3B0aW9uIHZhbHVlPVwiT3BlblN0cmVldE1hcC5ERVwiPk9wZW5TdHJlZXRNYXAuREU8XC9vcHRpb24+PG9wdGlvbiB2YWx1ZT1cIk9wZW5TdHJlZXRNYXAuQ0hcIj5PcGVuU3RyZWV0TWFwLkNIPFwvb3B0aW9uPjxvcHRpb24gdmFsdWU9XCJPcGVuU3RyZWV0TWFwLkZyYW5jZVwiPk9wZW5TdHJlZXRNYXAuRnJhbmNlPFwvb3B0aW9uPjxvcHRpb24gdmFsdWU9XCJPcGVuU3RyZWV0TWFwLkhPVFwiPk9wZW5TdHJlZXRNYXAuSE9UPFwvb3B0aW9uPjxvcHRpb24gdmFsdWU9XCJPcGVuU3RyZWV0TWFwLkJaSFwiPk9wZW5TdHJlZXRNYXAuQlpIPFwvb3B0aW9uPjxvcHRpb24gdmFsdWU9XCJPcGVuVG9wb01hcFwiPk9wZW5Ub3BvTWFwPFwvb3B0aW9uPjxvcHRpb24gdmFsdWU9XCJUaHVuZGVyZm9yZXN0Lk9wZW5DeWNsZU1hcFwiPlRodW5kZXJmb3Jlc3QuT3BlbkN5Y2xlTWFwPFwvb3B0aW9uPjxvcHRpb24gdmFsdWU9XCJPcGVuTWFwU3VyZmVyLlJvYWRzXCI+T3Blbk1hcFN1cmZlci5Sb2FkczxcL29wdGlvbj48XC9zZWxlY3Q+IiwibWFwX2JveF9zdHlsZXNfbWFya3VwIjoiPHNlbGVjdCBjbGFzcz1cIndwb21wX21hcGJveF90eXBlXCI+PG9wdGlvbiB2YWx1ZT1cInN0cmVldHMtdjExXCI+U3RyZWV0czxcL29wdGlvbj48b3B0aW9uIHZhbHVlPVwibGlnaHQtdjEwXCI+TGlnaHQ8XC9vcHRpb24+PG9wdGlvbiB2YWx1ZT1cImRhcmstdjEwXCI+RGFyazxcL29wdGlvbj48b3B0aW9uIHZhbHVlPVwib3V0ZG9vcnMtdjExXCI+T3V0ZG9vcnM8XC9vcHRpb24+PG9wdGlvbiB2YWx1ZT1cInNhdGVsbGl0ZS12OVwiPlNhdGVsbGl0ZTxcL29wdGlvbj48XC9zZWxlY3Q+IiwiYm91bmRfbWFwX2FmdGVyX2ZpbHRlciI6ZmFsc2UsImRpc3BsYXlfcmVzZXRfYnV0dG9uIjpmYWxzZSwibWFwX3Jlc2V0X2J1dHRvbl90ZXh0IjoiUmVpbmljaWFyIiwid2lkdGgiOiI2MDAiLCJoZWlnaHQiOiI2MDAiLCJ0aWxlc19wcm92aWRlciI6Im9wZW5zdHJlZXQifSwicGxhY2VzIjpbeyJpZCI6IjE3IiwidGl0bGUiOiJBbGJlcmd1ZSBkZSBCYWxtb3JpIiwiYWRkcmVzcyI6IkFsYmVyZ3VlIEJhbG1vcmksIEJhbG1vcmksIExsYW5lcywgU3BhaW4iLCJzb3VyY2UiOiJtYW51YWwiLCJsb2NhdGlvbiI6eyJpY29uIjoiaHR0cHM6XC9cL2lkZW9vY2lveWZvcm1hY2lvbi5jb21cL3dwLWNvbnRlbnRcL3BsdWdpbnNcL3dwLWdvb2dsZS1tYXAtZ29sZFwvYXNzZXRzXC9pbWFnZXNcL2ljb25zXC8yMC1nZW5lcmljLnBuZyIsImxhdCI6IjQzLjQyNDE4OTEiLCJsbmciOiItNC44MzAxMjUzIiwiY2l0eSI6IkJhbG1vcmkiLCJjb3VudHJ5IjoiU3BhaW4iLCJvbmNsaWNrX2FjdGlvbiI6Im1hcmtlciIsIm1hcmtlcl9pbWFnZSI6IjxkaXYgY2xhc3M9J2ZjLWZlYXR1cmUtaW1nJz48aW1nIGxvYWRpbmc9J2xhenknIGRlY29kaW5nPSdhc3luYycgYWx0PSdBbGJlcmd1ZSBkZSBCYWxtb3JpJyBzcmM9J2h0dHBzOlwvXC9pZGVvb2Npb3lmb3JtYWNpb24uY29tXC93cC1jb250ZW50XC9wbHVnaW5zXC93cC1nb29nbGUtbWFwLWdvbGRcL2Fzc2V0c1wvaW1hZ2VzXC9zYW1wbGUuanBnJyBjbGFzcz0nd3BnbXBfbWFya2VyX2ltYWdlIGZjLWl0ZW0tZmVhdHVyZWRfaW1hZ2UgZmMtaXRlbS1sYXJnZScgXC8+PFwvZGl2PiIsIm9wZW5fbmV3X3RhYiI6InllcyIsInBvc3RhbF9jb2RlIjoiMzM1OTUiLCJkcmFnZ2FibGUiOmZhbHNlLCJpbmZvd2luZG93X2RlZmF1bHRfb3BlbiI6ZmFsc2UsImluZm93aW5kb3dfZGlzYWJsZSI6dHJ1ZSwiem9vbSI6NSwiZXh0cmFfZmllbGRzIjp7Imxpc3RvcmRlciI6MH19LCJjYXRlZ29yaWVzIjpbeyJpZCI6IjIiLCJuYW1lIjoiQ2FtcGFtZW50b3MiLCJ0eXBlIjoiY2F0ZWdvcnkiLCJpY29uIjoiaHR0cHM6XC9cL2lkZW9vY2lveWZvcm1hY2lvbi5jb21cL3dwLWNvbnRlbnRcL3BsdWdpbnNcL3dwLWdvb2dsZS1tYXAtZ29sZFwvYXNzZXRzXC9pbWFnZXNcL2ljb25zXC8yMC1nZW5lcmljLnBuZyJ9XX1dLCJtYXBfcHJvcGVydHkiOnsibWFwX2lkIjoiMiJ9LCJtYXBfbWFya2VyX3NwaWRlcmZpZXJfc2V0dGluZyI6eyJtaW5pbXVtX21hcmtlcnMiOiIwIn0sInNoYXBlcyI6eyJkcmF3aW5nX2VkaXRhYmxlIjpmYWxzZX0sImZpbHRlcnMiOnsiZmlsdGVyc19jb250YWluZXIiOiJbZGF0YS1jb250YWluZXI9XCJ3cGdtcC1maWx0ZXJzLWNvbnRhaW5lclwiXSJ9LCJnbG9iYWxfc2V0dGluZ3MiOnsid3BnbXBfbGFuZ3VhZ2UiOiJlcyIsIndwZ21wX2FwaV9rZXkiOiJBSXphU3lBNXRyR1FHeTRwRTNTTFc2NlNFV1BXcTZ3SXJLb1B6WHciLCJ3cGdtcF9zY3JpcHRzX3BsYWNlIjoiaGVhZGVyIiwid3BnbXBfdmVyc2lvbiI6IjUuNy4zIiwid3BnbXBfc2NyaXB0c19taW5pZnkiOiJ5ZXMiLCJ3cGdtcF9hbGxvd19tZXRhIjoiYTo0OntpOjA7czo0OlwicG9zdFwiO2k6MTtzOjQ6XCJwYWdlXCI7aToyO3M6MTg6XCJzYWxpZW50X2dfc2VjdGlvbnNcIjtpOjM7czo3OlwicHJvZHVjdFwiO30iLCJ3cGdtcF9nZHByX21zZyI6IlBvciBmYXZvciBhY2VwdGUgY29va2llcyBwYXJhIG1vc3RyYXIgZ29vZ2xlIG1hcGFzLiIsIndwZ21wX2NvdW50cmllcyI6WyJFUyJdfSwibWFya2VyX2NhdGVnb3J5X2ljb25zIjp7IjEiOiJodHRwczpcL1wvaWRlb29jaW95Zm9ybWFjaW9uLmNvbVwvd3AtY29udGVudFwvcGx1Z2luc1wvd3AtZ29vZ2xlLW1hcC1nb2xkXC9hc3NldHNcL2ltYWdlc1wvaWNvbnNcLzI1LWdlbmVyaWMucG5nIiwiMiI6Imh0dHBzOlwvXC9pZGVvb2Npb3lmb3JtYWNpb24uY29tXC93cC1jb250ZW50XC9wbHVnaW5zXC93cC1nb29nbGUtbWFwLWdvbGRcL2Fzc2V0c1wvaW1hZ2VzXC9pY29uc1wvMjAtZ2VuZXJpYy5wbmciLCIzIjoiaHR0cHM6XC9cL2lkZW9vY2lveWZvcm1hY2lvbi5jb21cL3dwLWNvbnRlbnRcL3BsdWdpbnNcL3dwLWdvb2dsZS1tYXAtZ29sZFwvYXNzZXRzXC9pbWFnZXNcL2ljb25zXC8xLWdlbmVyaWMucG5nIn0sInByb3ZpZGVyIjoiZ29vZ2xlIiwiYXBpS2V5IjoiQUl6YVN5QTV0ckdRR3k0cEUzU0xXNjZTRVdQV3E2d0lyS29Qelh3In0=\"; });<\/script>[\/vc_column_text][\/vc_column][\/vc_row]\n","protected":false},"excerpt":{"rendered":"<p>[vc_row type=\u00a0\u00bbin_container\u00a0\u00bb full_screen_row_position=\u00a0\u00bbmiddle\u00a0\u00bb column_margin=\u00a0\u00bbdefault\u00a0\u00bb column_direction=\u00a0\u00bbdefault\u00a0\u00bb column_direction_tablet=\u00a0\u00bbdefault\u00a0\u00bb column_direction_phone=\u00a0\u00bbdefault\u00a0\u00bb scene_position=\u00a0\u00bbcenter\u00a0\u00bb text_color=\u00a0\u00bbdark\u00a0\u00bb text_align=\u00a0\u00bbleft\u00a0\u00bb row_border_radius=\u00a0\u00bbnone\u00a0\u00bb row_border_radius_applies=\u00a0\u00bbbg\u00a0\u00bb overflow=\u00a0\u00bbvisible\u00a0\u00bb overlay_strength=\u00a0\u00bb0.3&Prime; gradient_direction=\u00a0\u00bbleft_to_right\u00a0\u00bb shape_divider_position=\u00a0\u00bbbottom\u00a0\u00bb bg_image_animation=\u00a0\u00bbnone\u00a0\u00bb][vc_column column_padding=\u00a0\u00bbno-extra-padding\u00a0\u00bb column_padding_tablet=\u00a0\u00bbinherit\u00a0\u00bb column_padding_phone=\u00a0\u00bbinherit\u00a0\u00bb column_padding_position=\u00a0\u00bball\u00a0\u00bb column_element_direction_desktop=\u00a0\u00bbdefault\u00a0\u00bb column_element_spacing=\u00a0\u00bbdefault\u00a0\u00bb desktop_text_alignment=\u00a0\u00bbdefault\u00a0\u00bb tablet_text_alignment=\u00a0\u00bbdefault\u00a0\u00bb phone_text_alignment=\u00a0\u00bbdefault\u00a0\u00bb background_color_opacity=\u00a0\u00bb1&Prime; background_hover_color_opacity=\u00a0\u00bb1&Prime; column_backdrop_filter=\u00a0\u00bbnone\u00a0\u00bb column_shadow=\u00a0\u00bbnone\u00a0\u00bb&#8230;<\/p>\n","protected":false},"author":1,"featured_media":0,"parent":0,"menu_order":0,"comment_status":"closed","ping_status":"closed","template":"","meta":{"footnotes":""},"class_list":["post-705","page","type-page","status-publish"],"_links":{"self":[{"href":"https:\/\/ideoocioyformacion.com\/fr\/wp-json\/wp\/v2\/pages\/705","targetHints":{"allow":["GET"]}}],"collection":[{"href":"https:\/\/ideoocioyformacion.com\/fr\/wp-json\/wp\/v2\/pages"}],"about":[{"href":"https:\/\/ideoocioyformacion.com\/fr\/wp-json\/wp\/v2\/types\/page"}],"author":[{"embeddable":true,"href":"https:\/\/ideoocioyformacion.com\/fr\/wp-json\/wp\/v2\/users\/1"}],"replies":[{"embeddable":true,"href":"https:\/\/ideoocioyformacion.com\/fr\/wp-json\/wp\/v2\/comments?post=705"}],"version-history":[{"count":5,"href":"https:\/\/ideoocioyformacion.com\/fr\/wp-json\/wp\/v2\/pages\/705\/revisions"}],"predecessor-version":[{"id":710,"href":"https:\/\/ideoocioyformacion.com\/fr\/wp-json\/wp\/v2\/pages\/705\/revisions\/710"}],"wp:attachment":[{"href":"https:\/\/ideoocioyformacion.com\/fr\/wp-json\/wp\/v2\/media?parent=705"}],"curies":[{"name":"wp","href":"https:\/\/api.w.org\/{rel}","templated":true}]}}