{"id":1884,"date":"2026-01-27T11:50:28","date_gmt":"2026-01-27T11:50:28","guid":{"rendered":"https:\/\/ideoocioyformacion.com\/?post_type=product&#038;p=1884"},"modified":"2026-01-31T09:56:18","modified_gmt":"2026-01-31T09:56:18","slug":"surfcamp-24-7-2026-prepago","status":"publish","type":"product","link":"https:\/\/ideoocioyformacion.com\/fr\/producto\/surfcamp-24-7-2026-prepago\/","title":{"rendered":"Surfcamp 24\/7 2026 (reserva)"},"content":{"rendered":"","protected":false},"excerpt":{"rendered":"<p>Nuestra propuesta se basa en la elecci\u00f3n de una o varias de las semanas presentadas. Se realizar\u00e1n de domingo a domingo. La capacidad m\u00e1xima es de <strong>32 participantes<\/strong>. El d\u00eda de entrada es con cena y el de salida con desayuno (7 Desayunos + 6 comidas + 6 cenas + 1 cena barbacoa de despedida + 6 clases de surf + talleres + deportes de aventura + veladas nocturnas, etc.).<\/p>\n<h4 class=\"p3\">Condiciones de inscripci\u00f3n<\/h4>\n<ul>\n<li>Enviar nuestro <strong><a href=\"https:\/\/ideoocioyformacion.com\/contacto\/\">formulario<\/a><\/strong> de contacto para comprobar si hay disponibilidad en la semana que deseas y confirmar la plaza.<\/li>\n<li class=\"p2\">Haber aceptado las condiciones generales del Surfcamp 24\/7 2026 al cumplimentar el formulario de inscripci\u00f3n online.<\/li>\n<li class=\"p2\">Haber pagado el importe de la reserva.<\/li>\n<li class=\"p2\">Haber recibido un e-mail de la confirmaci\u00f3n y aceptaci\u00f3n de la reserva en el Surfcamp 24\/7 2026 por parte de Ideo Ocio Educativo y Formaci\u00f3n, donde se confirma la plaza.<\/li>\n<\/ul>\n<p>La aplicaci\u00f3n de un descuento supondr\u00e1 un precio final de <strong>Surfcamp 24\/7 2026<\/strong> por un importe de <b>670 \u20ac \/semana<\/b><\/p>\n<h4 class=\"p1\">Descuentos<\/h4>\n<p class=\"p1\">Existen descuentos de un <strong>5% sobre la tarifa<\/strong> base <b>no <\/b><b>acumulables<\/b> aplicables al <strong>Surfcamp 24\/7 2026<\/strong>:<\/p>\n<ul>\n<li>Por <strong>haber participado en el Surfcamp 24\/7 2025<\/strong>.<\/li>\n<li class=\"p1\">Por <b>hermanos<\/b>, esto es, cuando dos o m\u00e1s hermanos de una misma familia se inscriban en el Surfcamp 24\/7 2026.<\/li>\n<li class=\"p1\">Por <b>inscripci\u00f3n a dos o m\u00e1s semanas<\/b> (sin necesidad de ser continuadas).<\/li>\n<\/ul>\n<p><strong>Los descuentos se aplican autom\u00e1ticamente al realizar el segundo pago sobre la cantidad total.<\/strong><\/p>\n<p><strong>El Surfcamp 24\/7 2026 tiene un coste total de 705\u20ac (sin descuentos)<\/strong><\/p>\n","protected":false},"featured_media":1873,"template":"","meta":[],"product_brand":[],"product_cat":[51],"product_tag":[],"class_list":{"0":"post-1884","1":"product","2":"type-product","3":"status-publish","4":"has-post-thumbnail","6":"product_cat-prepago","8":"first","9":"instock","10":"virtual","11":"sold-individually","12":"taxable","13":"purchasable","14":"product-type-simple"},"_links":{"self":[{"href":"https:\/\/ideoocioyformacion.com\/fr\/wp-json\/wp\/v2\/product\/1884","targetHints":{"allow":["GET"]}}],"collection":[{"href":"https:\/\/ideoocioyformacion.com\/fr\/wp-json\/wp\/v2\/product"}],"about":[{"href":"https:\/\/ideoocioyformacion.com\/fr\/wp-json\/wp\/v2\/types\/product"}],"wp:featuredmedia":[{"embeddable":true,"href":"https:\/\/ideoocioyformacion.com\/fr\/wp-json\/wp\/v2\/media\/1873"}],"wp:attachment":[{"href":"https:\/\/ideoocioyformacion.com\/fr\/wp-json\/wp\/v2\/media?parent=1884"}],"wp:term":[{"taxonomy":"product_brand","embeddable":true,"href":"https:\/\/ideoocioyformacion.com\/fr\/wp-json\/wp\/v2\/product_brand?post=1884"},{"taxonomy":"product_cat","embeddable":true,"href":"https:\/\/ideoocioyformacion.com\/fr\/wp-json\/wp\/v2\/product_cat?post=1884"},{"taxonomy":"product_tag","embeddable":true,"href":"https:\/\/ideoocioyformacion.com\/fr\/wp-json\/wp\/v2\/product_tag?post=1884"}],"curies":[{"name":"wp","href":"https:\/\/api.w.org\/{rel}","templated":true}]}}